{"id":738,"date":"2022-02-24T14:11:38","date_gmt":"2022-02-24T14:11:38","guid":{"rendered":"https:\/\/empower-project.net\/resources\/"},"modified":"2023-12-18T14:27:22","modified_gmt":"2023-12-18T14:27:22","slug":"resources","status":"publish","type":"page","link":"https:\/\/empower-project.net\/pt-pt\/resources\/","title":{"rendered":"Resources"},"content":{"rendered":"<h1><span>RECURSOS <\/span><\/h1>\n<ul>\n<li>\n<h3>PACCHETTO FORMATIVO<\/h3>\n<div>\n<p><span>Tem como objetivo desenvolver um pacote de forma\u00e7\u00e3o modular que ser\u00e1 utilizado por trabalhadores, educadores e formadores para a forma\u00e7\u00e3o de jovens que vivem ou pretendem mudar-se para as zonas rurais, cooperativas, propriet\u00e1rios de empresas sociais, desempregados, jovens empreendedores e jovens ativos no empreendedorismo social. \u00c9 tamb\u00e9m adequado a jovens NEET (que <\/span><span>n\u00e3o estudam, n\u00e3o trabalham e n\u00e3o est\u00e3o a frequentar forma\u00e7\u00e3o profissional).<\/span><\/p>\n<\/div>\n<p><a href=\"https:\/\/www.elearning.empower-project.net\/\">Descubra mais<\/a><\/p>\n<\/li>\n<li>\n<h3>MOOC<\/h3>\n<div>\n<p><span style=\"font-weight: 400;\">Os MOOC s\u00e3o cursos online abertos e massivos, concebidos para um elevado n\u00famero de participantes, em que qualquer pessoa pode inscrever-se. Est\u00e3o dispon\u00edveis a todos, a maioria dos quais sem pr\u00e9-requisitos de entrada. Possibilitam uma experi\u00eancia de aprendizagem online completa e gratuita, ao contr\u00e1rio de outros cursos online pagos, disponibilizando um certificado. O MOOC \u00e9 aberto n\u00e3o s\u00f3 a educadores e formadores dos pa\u00edses participantes, mas tamb\u00e9m a qualquer pessoa interessada. Estar\u00e1 dispon\u00edvel em portugu\u00eas. Ser\u00e1 inclu\u00eddo no reposit\u00f3rio europeu SALTO para conseguir uma divulga\u00e7\u00e3o mais alargada junto dos formadores de jovens.<\/span><\/p>\n<\/div>\n<p><a href=\"https:\/\/www.elearning.empower-project.net\/\">Descubra mais<\/a><\/p>\n<\/li>\n<li>\n<h3>Simulation game<\/h3>\n<div>\n<p><span style=\"font-weight: 400;\">Inclui um curr\u00edculo para a forma\u00e7\u00e3o de formadores que trabalham com jovens para desenvolver as suas aptid\u00f5es e compet\u00eancias-chave necess\u00e1rias para a aplica\u00e7\u00e3o do jogo de simula\u00e7\u00e3o de empreendedorismo social em futuras forma\u00e7\u00f5es. Inclui tamb\u00e9m um manual do formador com conte\u00fados sobre cada cen\u00e1rio selecionado, delineando o que \u00e9, porque \u00e9 que \u00e9 importante e a sua rela\u00e7\u00e3o com outras unidades de aprendizagem. Incorpora ainda workshops sob a forma de role-playing com base em casos reais do mundo de neg\u00f3cios. No final, ser\u00e1 disponibilizado um quadro de avalia\u00e7\u00e3o.<\/span><\/p>\n<\/div>\n<p><a href=\"https:\/\/www.elearning.empower-project.net\/\">Descubra mais<\/a><\/p>\n<\/li>\n<li>\n<h3>Policy paper<\/h3>\n<div>\n<p><span style=\"font-weight: 400;\"><\/span>Cria\u00e7\u00e3o de um conjunto de recomenda\u00e7\u00f5es para a constru\u00e7\u00e3o de um ecossistema de inova\u00e7\u00e3o social sustent\u00e1vel, assente em pr\u00e1ticas colaborativas.<\/p>\n<\/div>\n<p><a href=\"https:\/\/www.elearning.empower-project.net\/\">Descubra mais<\/a><\/p>\n<\/li>\n<\/ul>\n<p><!--more--><br \/>\n<!-- {\"type\":\"layout\",\"children\":[{\"type\":\"section\",\"props\":{\"style\":\"default\",\"width\":\"default\",\"vertical_align\":\"middle\",\"title_position\":\"top-left\",\"title_rotation\":\"left\",\"title_breakpoint\":\"xl\",\"image_position\":\"center-center\",\"height\":\"expand\",\"padding_remove_top\":true},\"children\":[{\"type\":\"row\",\"children\":[{\"type\":\"column\",\"props\":{\"position_sticky_breakpoint\":\"m\",\"image_position\":\"center-center\",\"media_overlay_gradient\":\"\"},\"children\":[{\"type\":\"headline\",\"props\":{\"title_element\":\"h1\",\"content\":\"<span>RECURSOS <\\\/span>\",\"title_style\":\"h3\",\"margin_remove_top\":false,\"class\":\"page-header outputs-header\",\"margin_remove_bottom\":true}},{\"type\":\"switcher\",\"props\":{\"show_title\":true,\"show_meta\":true,\"show_content\":true,\"show_image\":true,\"show_link\":true,\"show_label\":true,\"show_thumbnail\":true,\"switcher_animation\":\"fade\",\"switcher_height\":true,\"nav\":\"tab\",\"nav_position\":\"top\",\"nav_align\":\"left\",\"nav_grid_width\":\"auto\",\"nav_grid_breakpoint\":\"m\",\"thumbnav_svg_color\":\"emphasis\",\"title_element\":\"h3\",\"title_align\":\"top\",\"title_grid_width\":\"1-2\",\"title_grid_breakpoint\":\"m\",\"meta_style\":\"meta\",\"meta_align\":\"below-title\",\"meta_element\":\"div\",\"content_column_breakpoint\":\"m\",\"image_svg_color\":\"emphasis\",\"image_align\":\"top\",\"image_grid_width\":\"1-2\",\"image_grid_breakpoint\":\"m\",\"thumbnav_width\":\"100\",\"thumbnav_height\":\"75\",\"link_text\":\"Descubra mais\",\"link_style\":\"primary\",\"margin\":\"medium\",\"margin_remove_bottom\":true,\"class\":\"custom-tabs outputs-tabs\",\"link_target\":true},\"children\":[{\"type\":\"switcher_item\",\"props\":{\"title\":\"PACCHETTO FORMATIVO\",\"content\":\"\n\n<p><span>Tem como objetivo desenvolver um pacote de forma\\u00e7\\u00e3o modular que ser\\u00e1 utilizado por trabalhadores, educadores e formadores para a forma\\u00e7\\u00e3o de jovens que vivem ou pretendem mudar-se para as zonas rurais, cooperativas, propriet\\u00e1rios de empresas sociais, desempregados, jovens empreendedores e jovens ativos no empreendedorismo social. \\u00c9 tamb\\u00e9m adequado a jovens NEET (que <\\\/span><span>n\\u00e3o estudam, n\\u00e3o trabalham e n\\u00e3o est\\u00e3o a frequentar forma\\u00e7\\u00e3o profissional).<\\\/span><\\\/p>\",\"link\":\"https:\\\/\\\/www.elearning.empower-project.net\\\/\"}},{\"type\":\"switcher_item\",\"props\":{\"title\":\"MOOC\",\"content\":\"\n\n<p><span style=\\\"font-weight: 400;\\\">Os MOOC s\\u00e3o cursos online abertos e massivos, concebidos para um elevado n\\u00famero de participantes, em que qualquer pessoa pode inscrever-se. Est\\u00e3o dispon\\u00edveis a todos, a maioria dos quais sem pr\\u00e9-requisitos de entrada. Possibilitam uma experi\\u00eancia de aprendizagem online completa e gratuita, ao contr\\u00e1rio de outros cursos online pagos, disponibilizando um certificado. O MOOC \\u00e9 aberto n\\u00e3o s\\u00f3 a educadores e formadores dos pa\\u00edses participantes, mas tamb\\u00e9m a qualquer pessoa interessada. Estar\\u00e1 dispon\\u00edvel em portugu\\u00eas. Ser\\u00e1 inclu\\u00eddo no reposit\\u00f3rio europeu SALTO para conseguir uma divulga\\u00e7\\u00e3o mais alargada junto dos formadores de jovens.<\\\/span><\\\/p>\",\"link\":\"https:\\\/\\\/www.elearning.empower-project.net\\\/\"}},{\"type\":\"switcher_item\",\"props\":{\"title\":\"Simulation game\",\"content\":\"\n\n<p><span style=\\\"font-weight: 400;\\\">Inclui um curr\\u00edculo para a forma\\u00e7\\u00e3o de formadores que trabalham com jovens para desenvolver as suas aptid\\u00f5es e compet\\u00eancias-chave necess\\u00e1rias para a aplica\\u00e7\\u00e3o do jogo de simula\\u00e7\\u00e3o de empreendedorismo social em futuras forma\\u00e7\\u00f5es. Inclui tamb\\u00e9m um manual do formador com conte\\u00fados sobre cada cen\\u00e1rio selecionado, delineando o que \\u00e9, porque \\u00e9 que \\u00e9 importante e a sua rela\\u00e7\\u00e3o com outras unidades de aprendizagem. Incorpora ainda workshops sob a forma de role-playing com base em casos reais do mundo de neg\\u00f3cios. No final, ser\\u00e1 disponibilizado um quadro de avalia\\u00e7\\u00e3o.<\\\/span><\\\/p>\",\"link\":\"https:\\\/\\\/www.elearning.empower-project.net\\\/\"}},{\"type\":\"switcher_item\",\"props\":{\"title\":\"Policy paper\",\"content\":\"\n\n<p><span style=\\\"font-weight: 400;\\\"><\\\/span>Cria\\u00e7\\u00e3o de um conjunto de recomenda\\u00e7\\u00f5es para a constru\\u00e7\\u00e3o de um ecossistema de inova\\u00e7\\u00e3o social sustent\\u00e1vel, assente em pr\\u00e1ticas colaborativas.<\\\/p>\",\"link\":\"https:\\\/\\\/www.elearning.empower-project.net\\\/\"}}]}]}]}]},{\"type\":\"section\",\"props\":{\"style\":\"default\",\"width\":\"default\",\"vertical_align\":\"middle\",\"title_position\":\"top-left\",\"title_rotation\":\"left\",\"title_breakpoint\":\"xl\",\"image_position\":\"center-center\",\"status\":\"disabled\"},\"children\":[{\"type\":\"row\",\"children\":[{\"type\":\"column\",\"props\":{\"position_sticky_breakpoint\":\"m\",\"image_position\":\"center-center\",\"media_overlay_gradient\":\"\"},\"children\":[{\"type\":\"accordion\",\"props\":{\"show_image\":true,\"show_link\":true,\"collapsible\":true,\"content_column_breakpoint\":\"m\",\"image_svg_color\":\"emphasis\",\"image_align\":\"top\",\"image_grid_width\":\"1-2\",\"image_grid_breakpoint\":\"m\",\"link_text\":\"Read more\",\"link_style\":\"default\"},\"children\":[{\"type\":\"accordion_item\",\"props\":{\"title\":\"Module 1 - Introduction: concept of social entrepreneurship (SE)\",\"content\":\"<a class=\\\"uk-button uk-button-primary\\\" target=\\\"_blank\\n\\\" href=\\\"https:\\\/\\\/empower-project.net\\\/wp-content\\\/uploads\\\/2023\\\/03\\\/EMPOWER_R1__MODULE-1__presentation_CARDET.pptx\\\">Module Presentation<\\\/a>\\n<a class=\\\"uk-button uk-button-primary\\\" target=\\\"_blank\\n\\\" href=\\\"https:\\\/\\\/empower-project.net\\\/wp-content\\\/uploads\\\/2023\\\/03\\\/EMPOWER_R1_COMPEDIUM-_CYPRUS_CARDET.pdf\\\">Compedium<\\\/a>\\n<a class=\\\"uk-button uk-button-primary\\\" target=\\\"_blank\\n\\\" href=\\\"https:\\\/\\\/empower-project.net\\\/wp-content\\\/uploads\\\/2023\\\/03\\\/EMPOWER_R1_Guidelines_MODULE-1.pdf\\\">Guidelines<\\\/a>\\n<a class=\\\"uk-button uk-button-primary\\\" target=\\\"_blank\\n\\\" href=\\\"https:\\\/\\\/empower-project.net\\\/wp-content\\\/uploads\\\/2023\\\/03\\\/EMPOWER_R1_MODULE-1-REFERENCES.pdf\\\">References<\\\/a>\\n\"}},{\"type\":\"accordion_item\",\"props\":{\"title\":\"Module 2 - Management of social Innovation\",\"content\":\"<a class=\\\"uk-button uk-button-primary\\\" target=\\\"_blank\\n\\\" href=\\\"https:\\\/\\\/empower-project.net\\\/wp-content\\\/uploads\\\/2023\\\/03\\\/EMPOWER_R1_Module-2_presentation_INNOVADE.pptx\\\">Module Presentation<\\\/a>\\n<a class=\\\"uk-button uk-button-primary\\\" target=\\\"_blank\\n\\\" href=\\\"https:\\\/\\\/empower-project.net\\\/wp-content\\\/uploads\\\/2023\\\/03\\\/EMPOWER_R1_COMPEDIUM-_CYPRUS.pdf\\\">Compedium<\\\/a>\\n<a class=\\\"uk-button uk-button-primary\\\" target=\\\"_blank\\n\\\" href=\\\"https:\\\/\\\/empower-project.net\\\/wp-content\\\/uploads\\\/2023\\\/03\\\/EMPOWER_R1_Module-2_Guidelines.pdf\\\">Guidelines<\\\/a>\\n<a class=\\\"uk-button uk-button-primary\\\" target=\\\"_blank\\n\\\" href=\\\"https:\\\/\\\/empower-project.net\\\/wp-content\\\/uploads\\\/2023\\\/03\\\/EMPOWER_R1_MODULE-2-REFERENCES.pdf\\\">References<\\\/a>\\n\"}},{\"type\":\"accordion_item\",\"props\":{\"title\":\"Module 3 \\u2013 Cause Marketing\",\"content\":\"<a class=\\\"uk-button uk-button-primary\\\" target=\\\"_blank\\n\\\" href=\\\"https:\\\/\\\/empower-project.net\\\/wp-content\\\/uploads\\\/2023\\\/03\\\/EMPOWER_R1_Module3_presentation_FIP_Final-.pptx\\\">Module Presentation<\\\/a>\\n<a class=\\\"uk-button uk-button-primary\\\" target=\\\"_blank\\n\\\" href=\\\"https:\\\/\\\/empower-project.net\\\/wp-content\\\/uploads\\\/2023\\\/03\\\/EMPOWER_R1_Compendium.pdf\\\">Compedium<\\\/a>\\n<a class=\\\"uk-button uk-button-primary\\\" target=\\\"_blank\\n\\\" href=\\\"https:\\\/\\\/empower-project.net\\\/wp-content\\\/uploads\\\/2023\\\/03\\\/EMPOWER_R1_Module-3.pdf\\\">Guidelines<\\\/a>\\n<a class=\\\"uk-button uk-button-primary\\\" target=\\\"_blank\\n\\\" href=\\\"https:\\\/\\\/empower-project.net\\\/wp-content\\\/uploads\\\/2023\\\/03\\\/EMPOWER_R1_Module3-references.pdf\\\">References<\\\/a>\\n\"}},{\"type\":\"accordion_item\",\"props\":{\"content\":\"<a class=\\\"uk-button uk-button-primary\\\" target=\\\"_blank\\n\\\" href=\\\"https:\\\/\\\/empower-project.net\\\/wp-content\\\/uploads\\\/2023\\\/03\\\/EMPOWER_R1_A2_Presentation-3_1.1-SERN-F.pptx\\\">Module Presentation<\\\/a>\\n<a class=\\\"uk-button uk-button-primary\\\" target=\\\"_blank\\n\\\" href=\\\"https:\\\/\\\/empower-project.net\\\/wp-content\\\/uploads\\\/2023\\\/03\\\/EMPOWER_R1_A2_-1-Compendium.pdf\\\">Compedium<\\\/a>\\n<a class=\\\"uk-button uk-button-primary\\\" target=\\\"_blank\\n\\\" href=\\\"https:\\\/\\\/empower-project.net\\\/wp-content\\\/uploads\\\/2023\\\/03\\\/EMPOWER_R1_A2_Training-module.pdf\\\">Guidelines<\\\/a>\\n<a class=\\\"uk-button uk-button-primary\\\" target=\\\"_blank\\n\\\" href=\\\"https:\\\/\\\/empower-project.net\\\/wp-content\\\/uploads\\\/2023\\\/03\\\/EMPOWER_R1_A2_References.pdf\\\">References<\\\/a>\\n\",\"title\":\"Module 4 - Design Thinking and Social Causes\"}},{\"type\":\"accordion_item\",\"props\":{\"content\":\"<a class=\\\"uk-button uk-button-primary\\\" target=\\\"_blank\\n\\\" href=\\\"https:\\\/\\\/empower-project.net\\\/wp-content\\\/uploads\\\/2023\\\/03\\\/EMPOWER_PR1_A2_presantation-M5_Template-3_Mindshift_.pptx\\\">Module Presentation<\\\/a>\\n<a class=\\\"uk-button uk-button-primary\\\" target=\\\"_blank\\n\\\" href=\\\"https:\\\/\\\/empower-project.net\\\/wp-content\\\/uploads\\\/2023\\\/03\\\/EMPOWER_PR1_A2_Compedium.pdf\\\">Compedium<\\\/a>\\n<a class=\\\"uk-button uk-button-primary\\\" target=\\\"_blank\\n\\\" href=\\\"https:\\\/\\\/empower-project.net\\\/wp-content\\\/uploads\\\/2023\\\/03\\\/EMPOWER_PR1_A2_Guidelines-.pdf\\\">Guidelines<\\\/a>\\n<a class=\\\"uk-button uk-button-primary\\\" target=\\\"_blank\\n\\\" href=\\\"https:\\\/\\\/empower-project.net\\\/wp-content\\\/uploads\\\/2023\\\/03\\\/EMPOWER_PR1_A2_References.pdf\\\">References<\\\/a>\\n\",\"title\":\"Module 5 - Fundraising for social enterprises\"}},{\"type\":\"accordion_item\",\"props\":{\"content\":\"<a class=\\\"uk-button uk-button-primary\\\" target=\\\"_blank\\n\\\" href=\\\"https:\\\/\\\/empower-project.net\\\/wp-content\\\/uploads\\\/2023\\\/03\\\/EMPOWER_R1_Module6_presentation_KMOP_v1.0.pptx\\\">Module Presentation<\\\/a>\\n<a class=\\\"uk-button uk-button-primary\\\" target=\\\"_blank\\n\\\" href=\\\"https:\\\/\\\/empower-project.net\\\/wp-content\\\/uploads\\\/2023\\\/03\\\/EMPOWER_R1_Compendium-1.pdf\\\">Compedium<\\\/a>\\n<a class=\\\"uk-button uk-button-primary\\\" target=\\\"_blank\\n\\\" href=\\\"https:\\\/\\\/empower-project.net\\\/wp-content\\\/uploads\\\/2023\\\/03\\\/EMPOWER_R1_Module6.pdf\\\">Guidelines<\\\/a>\\n<a class=\\\"uk-button uk-button-primary\\\" target=\\\"_blank\\n\\\" href=\\\"https:\\\/\\\/empower-project.net\\\/wp-content\\\/uploads\\\/2023\\\/03\\\/EMPOWER_R1_Module6_references.pdf\\\">References<\\\/a>\\n\",\"title\":\"Module 6 - Sustainability and Scalability of Social Enterprises\"}},{\"type\":\"accordion_item\",\"props\":{\"content\":\"<a class=\\\"uk-button uk-button-primary\\\" target=\\\"_blank\\n\\\" href=\\\"https:\\\/\\\/empower-project.net\\\/wp-content\\\/uploads\\\/2023\\\/03\\\/EMPOWER_R1_A2_Modul-7-presentation_BRCCI_PRev.pptx\\\">Module Presentation<\\\/a>\\n<a class=\\\"uk-button uk-button-primary\\\" target=\\\"_blank\\n\\\" href=\\\"https:\\\/\\\/empower-project.net\\\/wp-content\\\/uploads\\\/2023\\\/03\\\/EMPOWER_R1_Compendium_Bulgaria_BRCCI-1.0_PRev.pdf\\\">Compedium<\\\/a>\\n<a class=\\\"uk-button uk-button-primary\\\" target=\\\"_blank\\n\\\" href=\\\"https:\\\/\\\/empower-project.net\\\/wp-content\\\/uploads\\\/2023\\\/03\\\/EMPOWER_R1_Module-7-guidelines_BRCCI_PRev.pdf\\\">Guidelines<\\\/a>\\n<a class=\\\"uk-button uk-button-primary\\\" target=\\\"_blank\\n\\\" href=\\\"https:\\\/\\\/empower-project.net\\\/wp-content\\\/uploads\\\/2023\\\/03\\\/EMPOWER_R1_Module-7-references-BRCCI_.docx.pdf\\\">References<\\\/a>\\n\",\"title\":\"Module 7 - Monitoring and evaluation of the social impact\"}}]}]}]}]}],\"version\":\"2.7.22\"} --><\/p>\n","protected":false},"excerpt":{"rendered":"<p>RECURSOS PACCHETTO FORMATIVO Tem como objetivo desenvolver um pacote de forma\u00e7\u00e3o modular que ser\u00e1 utilizado por trabalhadores, educadores e formadores para a forma\u00e7\u00e3o de jovens..<\/p>\n","protected":false},"author":1,"featured_media":0,"parent":0,"menu_order":0,"comment_status":"closed","ping_status":"closed","template":"","meta":{"inline_featured_image":false,"footnotes":""},"class_list":["post-738","page","type-page","status-publish","hentry"],"_links":{"self":[{"href":"https:\/\/empower-project.net\/pt-pt\/wp-json\/wp\/v2\/pages\/738","targetHints":{"allow":["GET"]}}],"collection":[{"href":"https:\/\/empower-project.net\/pt-pt\/wp-json\/wp\/v2\/pages"}],"about":[{"href":"https:\/\/empower-project.net\/pt-pt\/wp-json\/wp\/v2\/types\/page"}],"author":[{"embeddable":true,"href":"https:\/\/empower-project.net\/pt-pt\/wp-json\/wp\/v2\/users\/1"}],"replies":[{"embeddable":true,"href":"https:\/\/empower-project.net\/pt-pt\/wp-json\/wp\/v2\/comments?post=738"}],"version-history":[{"count":10,"href":"https:\/\/empower-project.net\/pt-pt\/wp-json\/wp\/v2\/pages\/738\/revisions"}],"predecessor-version":[{"id":1163,"href":"https:\/\/empower-project.net\/pt-pt\/wp-json\/wp\/v2\/pages\/738\/revisions\/1163"}],"wp:attachment":[{"href":"https:\/\/empower-project.net\/pt-pt\/wp-json\/wp\/v2\/media?parent=738"}],"curies":[{"name":"wp","href":"https:\/\/api.w.org\/{rel}","templated":true}]}}