{"id":898,"date":"2022-02-24T14:11:38","date_gmt":"2022-02-24T14:11:38","guid":{"rendered":"https:\/\/empower-project.net\/resources\/"},"modified":"2023-12-18T14:30:54","modified_gmt":"2023-12-18T14:30:54","slug":"resources","status":"publish","type":"page","link":"https:\/\/empower-project.net\/it\/resources\/","title":{"rendered":"Resources"},"content":{"rendered":"<h1><span>RISORSE<\/span><\/h1>\n<ul>\n<li>\n<h3>Pacchetto Formativo<\/h3>\n<div>\n<p>L&#8217;obiettivo di questo risultato \u00e8 sviluppare un pacchetto formativo modulare che sar\u00e0 utilizzato da operatori giovanili, educatori\/formatori per la formazione di giovani che vivono o intendono trasferirsi nelle aree rurali, cooperative, proprietari di imprese sociali, lavoratori disoccupati, NEET, giovani imprenditori e giovani attivi nell&#8217;imprenditoria sociale.<\/p>\n<\/div>\n<p><a href=\"https:\/\/www.elearning.empower-project.net\/\">Scopri di pi\u00f9<\/a><\/p>\n<\/li>\n<li>\n<h3>MOOC<\/h3>\n<div>\n<p><span style=\"font-weight: 400;\">I MOOC sono corsi online progettati per un gran numero di partecipanti, ai quali chiunque pu\u00f2 iscriversi. I corsi sono disponibili per tutti, la maggior parte senza prerequisiti d&#8217;ingresso. I MOOC offrono un&#8217;esperienza di apprendimento online completa e gratuita, mentre altri offrono la possibilit\u00e0 di pagare per ottenere un certificato verificato. Il MOOC sar\u00e0 aperto non solo agli educatori dei Paesi partecipanti, ma anche a chiunque sia interessato. Sar\u00e0 disponibile in inglese. Il MOOC sar\u00e0 incluso nel repository europeo SALTO per ottenere una diffusione ancora pi\u00f9 ampia tra gli operatori giovanili.<\/span><\/p>\n<\/div>\n<p><a href=\"https:\/\/www.elearning.empower-project.net\/\">Scopri di pi\u00f9<\/a><\/p>\n<\/li>\n<li>\n<h3>Simulation game<\/h3>\n<div>\n<p><span style=\"font-weight: 400;\">The proposed Simulation Game will comprise a curriculum for training youth workers to develop their necessary skills and key competences and to apply these simulation games in their training. The Sustainability and Scale Simulation Game will include guidelines with an explicit learning outcome (LO) and allocated time for each learning unit. It will also contain a tutor manual, the latter enclosing contents about each scenario selected outlining what it is, why is it important, and its relation to other learning units. It will also introduce the Simulation Game assessment framework. This output will include workshops in the form of role-playing based on the content of real-world business cases.<\/span><\/p>\n<\/div>\n<p><a href=\"https:\/\/www.elearning.empower-project.net\/\">Scopri di pi\u00f9<\/a><\/p>\n<\/li>\n<li>\n<h3>Policy paper<\/h3>\n<div>\n<p><span style=\"font-weight: 400;\"><\/span>Questo risultato fornir\u00e0 lezioni dettagliate dal mondo reale delle imprese sociali per aiutare i giovani imprenditori e i giovani a esplorare le sfide e a elaborare soluzioni innovative e raccomandazioni per gli operatori e i responsabili politici.<\/p>\n<\/div>\n<p><a href=\"https:\/\/www.elearning.empower-project.net\/\">Scopri di pi\u00f9<\/a><\/p>\n<\/li>\n<\/ul>\n<p><!--more--><br \/>\n<!-- {\"type\":\"layout\",\"children\":[{\"type\":\"section\",\"props\":{\"style\":\"default\",\"width\":\"default\",\"vertical_align\":\"middle\",\"title_position\":\"top-left\",\"title_rotation\":\"left\",\"title_breakpoint\":\"xl\",\"image_position\":\"center-center\",\"height\":\"expand\",\"padding_remove_top\":true},\"children\":[{\"type\":\"row\",\"children\":[{\"type\":\"column\",\"props\":{\"position_sticky_breakpoint\":\"m\",\"image_position\":\"center-center\",\"media_overlay_gradient\":\"\"},\"children\":[{\"type\":\"headline\",\"props\":{\"title_element\":\"h1\",\"content\":\"<span>RISORSE<\\\/span>\",\"title_style\":\"h3\",\"margin_remove_top\":false,\"class\":\"page-header outputs-header\",\"margin_remove_bottom\":true}},{\"type\":\"switcher\",\"props\":{\"show_title\":true,\"show_meta\":true,\"show_content\":true,\"show_image\":true,\"show_link\":true,\"show_label\":true,\"show_thumbnail\":true,\"switcher_animation\":\"fade\",\"switcher_height\":true,\"nav\":\"tab\",\"nav_position\":\"top\",\"nav_align\":\"left\",\"nav_grid_width\":\"auto\",\"nav_grid_breakpoint\":\"m\",\"thumbnav_svg_color\":\"emphasis\",\"title_element\":\"h3\",\"title_align\":\"top\",\"title_grid_width\":\"1-2\",\"title_grid_breakpoint\":\"m\",\"meta_style\":\"meta\",\"meta_align\":\"below-title\",\"meta_element\":\"div\",\"content_column_breakpoint\":\"m\",\"image_svg_color\":\"emphasis\",\"image_align\":\"top\",\"image_grid_width\":\"1-2\",\"image_grid_breakpoint\":\"m\",\"thumbnav_width\":\"100\",\"thumbnav_height\":\"75\",\"link_text\":\"Scopri di pi\\u00f9\",\"link_style\":\"primary\",\"margin\":\"medium\",\"margin_remove_bottom\":true,\"class\":\"custom-tabs outputs-tabs\",\"link_target\":true},\"children\":[{\"type\":\"switcher_item\",\"props\":{\"title\":\"Pacchetto Formativo\",\"content\":\"\n\n<p>L'obiettivo di questo risultato \\u00e8 sviluppare un pacchetto formativo modulare che sar\\u00e0 utilizzato da operatori giovanili, educatori\\\/formatori per la formazione di giovani che vivono o intendono trasferirsi nelle aree rurali, cooperative, proprietari di imprese sociali, lavoratori disoccupati, NEET, giovani imprenditori e giovani attivi nell'imprenditoria sociale.<\\\/p>\",\"link\":\"https:\\\/\\\/www.elearning.empower-project.net\\\/\"}},{\"type\":\"switcher_item\",\"props\":{\"title\":\"MOOC\",\"content\":\"\n\n<p><span style=\\\"font-weight: 400;\\\">I MOOC sono corsi online progettati per un gran numero di partecipanti, ai quali chiunque pu\\u00f2 iscriversi. I corsi sono disponibili per tutti, la maggior parte senza prerequisiti d'ingresso. I MOOC offrono un'esperienza di apprendimento online completa e gratuita, mentre altri offrono la possibilit\\u00e0 di pagare per ottenere un certificato verificato. Il MOOC sar\\u00e0 aperto non solo agli educatori dei Paesi partecipanti, ma anche a chiunque sia interessato. Sar\\u00e0 disponibile in inglese. Il MOOC sar\\u00e0 incluso nel repository europeo SALTO per ottenere una diffusione ancora pi\\u00f9 ampia tra gli operatori giovanili.<\\\/span><\\\/p>\",\"link\":\"https:\\\/\\\/www.elearning.empower-project.net\\\/\"}},{\"type\":\"switcher_item\",\"props\":{\"title\":\"Simulation game\",\"content\":\"\n\n<p><span style=\\\"font-weight: 400;\\\">The proposed Simulation Game will comprise a curriculum for training youth workers to develop their necessary skills and key competences and to apply these simulation games in their training. The Sustainability and Scale Simulation Game will include guidelines with an explicit learning outcome (LO) and allocated time for each learning unit. It will also contain a tutor manual, the latter enclosing contents about each scenario selected outlining what it is, why is it important, and its relation to other learning units. It will also introduce the Simulation Game assessment framework. This output will include workshops in the form of role-playing based on the content of real-world business cases.<\\\/span><\\\/p>\",\"link\":\"https:\\\/\\\/www.elearning.empower-project.net\\\/\"}},{\"type\":\"switcher_item\",\"props\":{\"title\":\"Policy paper\",\"content\":\"\n\n<p><span style=\\\"font-weight: 400;\\\"><\\\/span>Questo risultato fornir\\u00e0 lezioni dettagliate dal mondo reale delle imprese sociali per aiutare i giovani imprenditori e i giovani a esplorare le sfide e a elaborare soluzioni innovative e raccomandazioni per gli operatori e i responsabili politici.<\\\/p>\",\"link\":\"https:\\\/\\\/www.elearning.empower-project.net\\\/\"}}]}]}]}]},{\"type\":\"section\",\"props\":{\"style\":\"default\",\"width\":\"default\",\"vertical_align\":\"middle\",\"title_position\":\"top-left\",\"title_rotation\":\"left\",\"title_breakpoint\":\"xl\",\"image_position\":\"center-center\",\"status\":\"disabled\"},\"children\":[{\"type\":\"row\",\"children\":[{\"type\":\"column\",\"props\":{\"position_sticky_breakpoint\":\"m\",\"image_position\":\"center-center\",\"media_overlay_gradient\":\"\"},\"children\":[{\"type\":\"accordion\",\"props\":{\"show_image\":true,\"show_link\":true,\"collapsible\":true,\"content_column_breakpoint\":\"m\",\"image_svg_color\":\"emphasis\",\"image_align\":\"top\",\"image_grid_width\":\"1-2\",\"image_grid_breakpoint\":\"m\",\"link_text\":\"Read more\",\"link_style\":\"default\"},\"children\":[{\"type\":\"accordion_item\",\"props\":{\"title\":\"Module 1 - Introduction: concept of social entrepreneurship (SE)\",\"content\":\"<a class=\\\"uk-button uk-button-primary\\\" target=\\\"_blank\\n\\\" href=\\\"https:\\\/\\\/empower-project.net\\\/wp-content\\\/uploads\\\/2023\\\/03\\\/EMPOWER_R1__MODULE-1__presentation_CARDET.pptx\\\">Module Presentation<\\\/a>\\n<a class=\\\"uk-button uk-button-primary\\\" target=\\\"_blank\\n\\\" href=\\\"https:\\\/\\\/empower-project.net\\\/wp-content\\\/uploads\\\/2023\\\/03\\\/EMPOWER_R1_COMPEDIUM-_CYPRUS_CARDET.pdf\\\">Compedium<\\\/a>\\n<a class=\\\"uk-button uk-button-primary\\\" target=\\\"_blank\\n\\\" href=\\\"https:\\\/\\\/empower-project.net\\\/wp-content\\\/uploads\\\/2023\\\/03\\\/EMPOWER_R1_Guidelines_MODULE-1.pdf\\\">Guidelines<\\\/a>\\n<a class=\\\"uk-button uk-button-primary\\\" target=\\\"_blank\\n\\\" href=\\\"https:\\\/\\\/empower-project.net\\\/wp-content\\\/uploads\\\/2023\\\/03\\\/EMPOWER_R1_MODULE-1-REFERENCES.pdf\\\">References<\\\/a>\\n\"}},{\"type\":\"accordion_item\",\"props\":{\"title\":\"Module 2 - Management of social Innovation\",\"content\":\"<a class=\\\"uk-button uk-button-primary\\\" target=\\\"_blank\\n\\\" href=\\\"https:\\\/\\\/empower-project.net\\\/wp-content\\\/uploads\\\/2023\\\/03\\\/EMPOWER_R1_Module-2_presentation_INNOVADE.pptx\\\">Module Presentation<\\\/a>\\n<a class=\\\"uk-button uk-button-primary\\\" target=\\\"_blank\\n\\\" href=\\\"https:\\\/\\\/empower-project.net\\\/wp-content\\\/uploads\\\/2023\\\/03\\\/EMPOWER_R1_COMPEDIUM-_CYPRUS.pdf\\\">Compedium<\\\/a>\\n<a class=\\\"uk-button uk-button-primary\\\" target=\\\"_blank\\n\\\" href=\\\"https:\\\/\\\/empower-project.net\\\/wp-content\\\/uploads\\\/2023\\\/03\\\/EMPOWER_R1_Module-2_Guidelines.pdf\\\">Guidelines<\\\/a>\\n<a class=\\\"uk-button uk-button-primary\\\" target=\\\"_blank\\n\\\" href=\\\"https:\\\/\\\/empower-project.net\\\/wp-content\\\/uploads\\\/2023\\\/03\\\/EMPOWER_R1_MODULE-2-REFERENCES.pdf\\\">References<\\\/a>\\n\"}},{\"type\":\"accordion_item\",\"props\":{\"title\":\"Module 3 \\u2013 Cause Marketing\",\"content\":\"<a class=\\\"uk-button uk-button-primary\\\" target=\\\"_blank\\n\\\" href=\\\"https:\\\/\\\/empower-project.net\\\/wp-content\\\/uploads\\\/2023\\\/03\\\/EMPOWER_R1_Module3_presentation_FIP_Final-.pptx\\\">Module Presentation<\\\/a>\\n<a class=\\\"uk-button uk-button-primary\\\" target=\\\"_blank\\n\\\" href=\\\"https:\\\/\\\/empower-project.net\\\/wp-content\\\/uploads\\\/2023\\\/03\\\/EMPOWER_R1_Compendium.pdf\\\">Compedium<\\\/a>\\n<a class=\\\"uk-button uk-button-primary\\\" target=\\\"_blank\\n\\\" href=\\\"https:\\\/\\\/empower-project.net\\\/wp-content\\\/uploads\\\/2023\\\/03\\\/EMPOWER_R1_Module-3.pdf\\\">Guidelines<\\\/a>\\n<a class=\\\"uk-button uk-button-primary\\\" target=\\\"_blank\\n\\\" href=\\\"https:\\\/\\\/empower-project.net\\\/wp-content\\\/uploads\\\/2023\\\/03\\\/EMPOWER_R1_Module3-references.pdf\\\">References<\\\/a>\\n\"}},{\"type\":\"accordion_item\",\"props\":{\"content\":\"<a class=\\\"uk-button uk-button-primary\\\" target=\\\"_blank\\n\\\" href=\\\"https:\\\/\\\/empower-project.net\\\/wp-content\\\/uploads\\\/2023\\\/03\\\/EMPOWER_R1_A2_Presentation-3_1.1-SERN-F.pptx\\\">Module Presentation<\\\/a>\\n<a class=\\\"uk-button uk-button-primary\\\" target=\\\"_blank\\n\\\" href=\\\"https:\\\/\\\/empower-project.net\\\/wp-content\\\/uploads\\\/2023\\\/03\\\/EMPOWER_R1_A2_-1-Compendium.pdf\\\">Compedium<\\\/a>\\n<a class=\\\"uk-button uk-button-primary\\\" target=\\\"_blank\\n\\\" href=\\\"https:\\\/\\\/empower-project.net\\\/wp-content\\\/uploads\\\/2023\\\/03\\\/EMPOWER_R1_A2_Training-module.pdf\\\">Guidelines<\\\/a>\\n<a class=\\\"uk-button uk-button-primary\\\" target=\\\"_blank\\n\\\" href=\\\"https:\\\/\\\/empower-project.net\\\/wp-content\\\/uploads\\\/2023\\\/03\\\/EMPOWER_R1_A2_References.pdf\\\">References<\\\/a>\\n\",\"title\":\"Module 4 - Design Thinking and Social Causes\"}},{\"type\":\"accordion_item\",\"props\":{\"content\":\"<a class=\\\"uk-button uk-button-primary\\\" target=\\\"_blank\\n\\\" href=\\\"https:\\\/\\\/empower-project.net\\\/wp-content\\\/uploads\\\/2023\\\/03\\\/EMPOWER_PR1_A2_presantation-M5_Template-3_Mindshift_.pptx\\\">Module Presentation<\\\/a>\\n<a class=\\\"uk-button uk-button-primary\\\" target=\\\"_blank\\n\\\" href=\\\"https:\\\/\\\/empower-project.net\\\/wp-content\\\/uploads\\\/2023\\\/03\\\/EMPOWER_PR1_A2_Compedium.pdf\\\">Compedium<\\\/a>\\n<a class=\\\"uk-button uk-button-primary\\\" target=\\\"_blank\\n\\\" href=\\\"https:\\\/\\\/empower-project.net\\\/wp-content\\\/uploads\\\/2023\\\/03\\\/EMPOWER_PR1_A2_Guidelines-.pdf\\\">Guidelines<\\\/a>\\n<a class=\\\"uk-button uk-button-primary\\\" target=\\\"_blank\\n\\\" href=\\\"https:\\\/\\\/empower-project.net\\\/wp-content\\\/uploads\\\/2023\\\/03\\\/EMPOWER_PR1_A2_References.pdf\\\">References<\\\/a>\\n\",\"title\":\"Module 5 - Fundraising for social enterprises\"}},{\"type\":\"accordion_item\",\"props\":{\"content\":\"<a class=\\\"uk-button uk-button-primary\\\" target=\\\"_blank\\n\\\" href=\\\"https:\\\/\\\/empower-project.net\\\/wp-content\\\/uploads\\\/2023\\\/03\\\/EMPOWER_R1_Module6_presentation_KMOP_v1.0.pptx\\\">Module Presentation<\\\/a>\\n<a class=\\\"uk-button uk-button-primary\\\" target=\\\"_blank\\n\\\" href=\\\"https:\\\/\\\/empower-project.net\\\/wp-content\\\/uploads\\\/2023\\\/03\\\/EMPOWER_R1_Compendium-1.pdf\\\">Compedium<\\\/a>\\n<a class=\\\"uk-button uk-button-primary\\\" target=\\\"_blank\\n\\\" href=\\\"https:\\\/\\\/empower-project.net\\\/wp-content\\\/uploads\\\/2023\\\/03\\\/EMPOWER_R1_Module6.pdf\\\">Guidelines<\\\/a>\\n<a class=\\\"uk-button uk-button-primary\\\" target=\\\"_blank\\n\\\" href=\\\"https:\\\/\\\/empower-project.net\\\/wp-content\\\/uploads\\\/2023\\\/03\\\/EMPOWER_R1_Module6_references.pdf\\\">References<\\\/a>\\n\",\"title\":\"Module 6 - Sustainability and Scalability of Social Enterprises\"}},{\"type\":\"accordion_item\",\"props\":{\"content\":\"<a class=\\\"uk-button uk-button-primary\\\" target=\\\"_blank\\n\\\" href=\\\"https:\\\/\\\/empower-project.net\\\/wp-content\\\/uploads\\\/2023\\\/03\\\/EMPOWER_R1_A2_Modul-7-presentation_BRCCI_PRev.pptx\\\">Module Presentation<\\\/a>\\n<a class=\\\"uk-button uk-button-primary\\\" target=\\\"_blank\\n\\\" href=\\\"https:\\\/\\\/empower-project.net\\\/wp-content\\\/uploads\\\/2023\\\/03\\\/EMPOWER_R1_Compendium_Bulgaria_BRCCI-1.0_PRev.pdf\\\">Compedium<\\\/a>\\n<a class=\\\"uk-button uk-button-primary\\\" target=\\\"_blank\\n\\\" href=\\\"https:\\\/\\\/empower-project.net\\\/wp-content\\\/uploads\\\/2023\\\/03\\\/EMPOWER_R1_Module-7-guidelines_BRCCI_PRev.pdf\\\">Guidelines<\\\/a>\\n<a class=\\\"uk-button uk-button-primary\\\" target=\\\"_blank\\n\\\" href=\\\"https:\\\/\\\/empower-project.net\\\/wp-content\\\/uploads\\\/2023\\\/03\\\/EMPOWER_R1_Module-7-references-BRCCI_.docx.pdf\\\">References<\\\/a>\\n\",\"title\":\"Module 7 - Monitoring and evaluation of the social impact\"}}]}]}]}]}],\"version\":\"2.7.22\"} --><\/p>\n","protected":false},"excerpt":{"rendered":"<p>RISORSE Pacchetto Formativo L&#8217;obiettivo di questo risultato \u00e8 sviluppare un pacchetto formativo modulare che sar\u00e0 utilizzato da operatori giovanili, educatori\/formatori per la formazione di giovani..<\/p>\n","protected":false},"author":1,"featured_media":0,"parent":0,"menu_order":0,"comment_status":"closed","ping_status":"closed","template":"","meta":{"inline_featured_image":false,"footnotes":""},"class_list":["post-898","page","type-page","status-publish","hentry"],"_links":{"self":[{"href":"https:\/\/empower-project.net\/it\/wp-json\/wp\/v2\/pages\/898","targetHints":{"allow":["GET"]}}],"collection":[{"href":"https:\/\/empower-project.net\/it\/wp-json\/wp\/v2\/pages"}],"about":[{"href":"https:\/\/empower-project.net\/it\/wp-json\/wp\/v2\/types\/page"}],"author":[{"embeddable":true,"href":"https:\/\/empower-project.net\/it\/wp-json\/wp\/v2\/users\/1"}],"replies":[{"embeddable":true,"href":"https:\/\/empower-project.net\/it\/wp-json\/wp\/v2\/comments?post=898"}],"version-history":[{"count":9,"href":"https:\/\/empower-project.net\/it\/wp-json\/wp\/v2\/pages\/898\/revisions"}],"predecessor-version":[{"id":1165,"href":"https:\/\/empower-project.net\/it\/wp-json\/wp\/v2\/pages\/898\/revisions\/1165"}],"wp:attachment":[{"href":"https:\/\/empower-project.net\/it\/wp-json\/wp\/v2\/media?parent=898"}],"curies":[{"name":"wp","href":"https:\/\/api.w.org\/{rel}","templated":true}]}}