{"id":896,"date":"2022-02-24T14:11:37","date_gmt":"2022-02-24T14:11:37","guid":{"rendered":"https:\/\/empower-project.net\/elearning\/"},"modified":"2023-12-08T09:42:01","modified_gmt":"2023-12-08T09:42:01","slug":"elearning","status":"publish","type":"page","link":"https:\/\/empower-project.net\/it\/elearning\/","title":{"rendered":"MOOC"},"content":{"rendered":"<h1>Corso intensive online<\/h1>\n<p><img decoding=\"async\" src=\"\/wp-content\/uploads\/2022\/04\/elearning-inner.svg\" alt=\"\"><\/p>\n<div>\n<p><span data-bind=\"marked: {value: item.body, useMarkdown: item.contentType() == 'TEXT', collapseQuotes: true, openExternalLinksInNewTab: true}\">Lo spazio e-learning \u00e8 uno sportello unico che fornisce accesso immediato all&#8217;intera suite di risorse didattiche digitali sviluppate nel progetto EMPOWER. Il ricco materiale informativo \u00e8 liberamente disponibile online per tutti coloro che sono interessati a saperne di pi\u00f9 sulla formazione all&#8217;imprenditorialit\u00e0 sociale.<\/span><\/p>\n<\/div>\n<p>\n    <a href=\"https:\/\/elearning.empower-project.net\">Visita la piattaforma di formazione online<\/a>\n<\/p>\n<p><!--more--><br \/>\n<!-- {\"type\":\"layout\",\"children\":[{\"type\":\"section\",\"props\":{\"style\":\"default\",\"width\":\"default\",\"vertical_align\":\"middle\",\"title_position\":\"top-left\",\"title_rotation\":\"left\",\"title_breakpoint\":\"xl\",\"image_position\":\"center-center\",\"padding_remove_top\":true,\"height\":\"expand\",\"padding_remove_bottom\":true},\"children\":[{\"type\":\"row\",\"children\":[{\"type\":\"column\",\"props\":{\"position_sticky_breakpoint\":\"m\",\"image_position\":\"center-center\",\"media_overlay_gradient\":\"\"},\"children\":[{\"type\":\"headline\",\"props\":{\"title_element\":\"h1\",\"content\":\"Corso intensive online\",\"title_style\":\"h3\",\"class\":\"page-header elearning-header\",\"margin\":\"large\"}}]}]},{\"type\":\"row\",\"children\":[{\"type\":\"column\",\"props\":{\"position_sticky_breakpoint\":\"m\",\"image_position\":\"center-center\",\"media_overlay_gradient\":\"\",\"width_medium\":\"1-3\",\"width_large\":\"1-3\",\"width_xlarge\":\"1-3\",\"width_small\":\"1-1\",\"order_first\":\"\"},\"children\":[{\"type\":\"image\",\"props\":{\"margin\":\"default\",\"image_svg_color\":\"emphasis\",\"image\":\"wp-content\\\/uploads\\\/2022\\\/04\\\/elearning-inner.svg\",\"class\":\"elearning-inner-image\"}}]},{\"type\":\"column\",\"props\":{\"position_sticky_breakpoint\":\"m\",\"image_position\":\"center-center\",\"media_overlay_gradient\":\"\",\"width_medium\":\"2-3\",\"width_small\":\"1-1\",\"width_large\":\"2-3\",\"width_xlarge\":\"2-3\",\"order_first\":\"\"},\"children\":[{\"type\":\"text\",\"props\":{\"margin\":\"default\",\"column_breakpoint\":\"m\",\"content\":\"\n\n<p><span data-bind=\\\"marked: {value: item.body, useMarkdown: item.contentType() == 'TEXT', collapseQuotes: true, openExternalLinksInNewTab: true}\\\">Lo spazio e-learning \\u00e8 uno sportello unico che fornisce accesso immediato all'intera suite di risorse didattiche digitali sviluppate nel progetto EMPOWER. Il ricco materiale informativo \\u00e8 liberamente disponibile online per tutti coloro che sono interessati a saperne di pi\\u00f9 sulla formazione all'imprenditorialit\\u00e0 sociale.<\\\/span><\\\/p>\"}},{\"type\":\"button\",\"props\":{\"grid_column_gap\":\"small\",\"grid_row_gap\":\"medium\",\"margin\":\"medium\",\"margin_remove_bottom\":true},\"children\":[{\"type\":\"button_item\",\"props\":{\"button_style\":\"primary\",\"icon_align\":\"left\",\"content\":\"Visita la piattaforma di formazione online\",\"link\":\"https:\\\/\\\/elearning.empower-project.net\",\"link_target\":\"blank\"}}]}]}],\"props\":{\"layout\":\"1-3,2-3\",\"class\":\"inner-content\"}}]}],\"version\":\"2.7.22\"} --><\/p>\n","protected":false},"excerpt":{"rendered":"<p>Corso intensive online Lo spazio e-learning \u00e8 uno sportello unico che fornisce accesso immediato all&#8217;intera suite di risorse didattiche digitali sviluppate nel progetto EMPOWER. Il..<\/p>\n","protected":false},"author":1,"featured_media":0,"parent":0,"menu_order":0,"comment_status":"closed","ping_status":"closed","template":"","meta":{"inline_featured_image":false,"footnotes":""},"class_list":["post-896","page","type-page","status-publish","hentry"],"_links":{"self":[{"href":"https:\/\/empower-project.net\/it\/wp-json\/wp\/v2\/pages\/896","targetHints":{"allow":["GET"]}}],"collection":[{"href":"https:\/\/empower-project.net\/it\/wp-json\/wp\/v2\/pages"}],"about":[{"href":"https:\/\/empower-project.net\/it\/wp-json\/wp\/v2\/types\/page"}],"author":[{"embeddable":true,"href":"https:\/\/empower-project.net\/it\/wp-json\/wp\/v2\/users\/1"}],"replies":[{"embeddable":true,"href":"https:\/\/empower-project.net\/it\/wp-json\/wp\/v2\/comments?post=896"}],"version-history":[{"count":5,"href":"https:\/\/empower-project.net\/it\/wp-json\/wp\/v2\/pages\/896\/revisions"}],"predecessor-version":[{"id":1154,"href":"https:\/\/empower-project.net\/it\/wp-json\/wp\/v2\/pages\/896\/revisions\/1154"}],"wp:attachment":[{"href":"https:\/\/empower-project.net\/it\/wp-json\/wp\/v2\/media?parent=896"}],"curies":[{"name":"wp","href":"https:\/\/api.w.org\/{rel}","templated":true}]}}